{"id":1226,"date":"2021-10-11T22:31:40","date_gmt":"2021-10-11T22:31:40","guid":{"rendered":"https:\/\/www.darwinrecruitment.de\/de\/?page_id=1226"},"modified":"2024-03-12T19:00:45","modified_gmt":"2024-03-12T19:00:45","slug":"contact-us","status":"publish","type":"page","link":"https:\/\/www.darwinrecruitment.de\/de\/contact-us\/","title":{"rendered":"Contact us"},"content":{"rendered":"\n<h1>\n\t\tKONTAKTIERE UNS.\n\t<\/h1>\n\t\t\t\t<img loading=\"lazy\" decoding=\"async\" src=\"https:\/\/www.darwinrecruitment.de\/de\/wp-content\/uploads\/2021\/11\/Contact-Us.gif\" alt=\"Contact-Us\" itemprop=\"image\" height=\"757\" width=\"800\" title=\"Contact-Us\" onerror=\"this.style.display='none'\"  \/>\n<h1>\n\t\tIN KONTAKT TRETEN:\n\t<\/h1>\n\t\t\t\n\t\t\n                            <h2>Contact Us Form<\/h2>\n                            \n                        <form method='post' enctype='multipart\/form-data' target='gform_ajax_frame_15' id='gform_15'  action='\/de\/?page_id=1226&#038;fl_builder#gf_15' data-formid='15' novalidate> \n <input type='hidden' class='gforms-pum' value='{\"closepopup\":false,\"closedelay\":0,\"openpopup\":false,\"openpopup_id\":0}' \/>\n                        <fieldset id=\"field_15_1\"   data-js-reload=\"field_15_1\"><legend class='gfield_label gform-field-label gfield_label_before_complex'>Name_1<\/legend>\n                                                    <input type='text' name='input_1.3' id='input_15_1_3' value='' tabindex='101'  aria-required='false'   placeholder='VORNAME:'  \/>\n                                                    <label for='input_15_1_3' class='gform-field-label gform-field-label--type-sub hidden_sub_label screen-reader-text'>First<\/label>\n                                                    <input type='text' name='input_1.6' id='input_15_1_6' value='' tabindex='103'  aria-required='false'   placeholder='NACHNAME:'  \/>\n                                                    <label for='input_15_1_6' class='gform-field-label gform-field-label--type-sub hidden_sub_label screen-reader-text'>Last<\/label>\n                        <\/fieldset><label class='gfield_label gform-field-label' for='input_15_2'>Email(Required)<\/label>\n                            <input name='input_2' id='input_15_2' type='email' value=' ' class='large' tabindex='105'  placeholder='E-MAIL:' aria-required=\"true\" aria-invalid=\"false\"  \/>\n                        <label class='gfield_label gform-field-label' for='input_15_3'>Phone<\/label><input name='input_3' id='input_15_3' type='tel' value='' class='large' tabindex='106' placeholder='TELEFONNUMMER:'  aria-invalid=\"false\"   \/><label class='gfield_label gform-field-label' for='input_15_9'>Untitled<\/label><input name='input_9' id='input_15_9' type='text' value='' class='large'   tabindex='107' placeholder='Grund f\u00fcr den Kontakt'  aria-invalid=\"false\"   \/> <label class='gfield_label gform-field-label' for='input_15_8'>Untitled<\/label><textarea name='input_8' id='input_15_8' class='textarea large' tabindex='108'   placeholder='NACHRICHT'  aria-invalid=\"false\"   rows='10' cols='50'><\/textarea><fieldset id=\"field_15_6\"   data-js-reload=\"field_15_6\"><legend class='gfield_label gform-field-label gfield_label_before_complex'>Untitled(Required)<\/legend>\n\t\t\t\t\t\t\t\t<input class='gfield-choice-input' name='input_6.1' type='checkbox'  value='Ich stimme der &lt;a href=&quot;https:\/\/www.darwinrecruitment.de\/de\/privacy-policy\/&quot;&gt;Datenschutzrichtlinie&lt;\/a&gt; und &lt;a href=&quot;https:\/\/www.darwinrecruitment.de\/de\/terms-and-conditions\/&quot;&gt;den Allgemeinen Gesch\u00e4ftsbedingungen zu (erforderlich)&lt;\/a&gt;.'  id='choice_15_6_1' tabindex='109'  \/>\n\t\t\t\t\t\t\t\t<label for='choice_15_6_1' id='label_15_6_1' class='gform-field-label gform-field-label--type-inline'>Ich stimme der <a href=\"https:\/\/www.darwinrecruitment.de\/de\/privacy-policy\/\">Datenschutzrichtlinie<\/a> und <a href=\"https:\/\/www.darwinrecruitment.de\/de\/terms-and-conditions\/\">den Allgemeinen Gesch\u00e4ftsbedingungen zu (erforderlich)<\/a>.<\/label>\n\t\t\t\t\t\t\t<\/fieldset><label class='gfield_label gform-field-label' for='input_15_7'>CAPTCHA<\/label><label class='gfield_label gform-field-label' for='input_15_10'>Email<\/label><input name='input_10' id='input_15_10' type='text' value='' autocomplete='new-password'\/>This field is for validation purposes and should be left unchanged.\n         <input type='submit' id='gform_submit_button_15' class='gform_button button' value='NACHRICHT SENDEN' tabindex='110' onclick='if(window[\"gf_submitting_15\"]){return false;}  if( !jQuery(\"#gform_15\")[0].checkValidity || jQuery(\"#gform_15\")[0].checkValidity()){window[\"gf_submitting_15\"]=true;}  ' onkeypress='if( event.keyCode == 13 ){ if(window[\"gf_submitting_15\"]){return false;} if( !jQuery(\"#gform_15\")[0].checkValidity || jQuery(\"#gform_15\")[0].checkValidity()){window[\"gf_submitting_15\"]=true;}  jQuery(\"#gform_15\").trigger(\"submit\",[true]); }' \/> <input type='hidden' name='gform_ajax' value='form_id=15&amp;title=1&amp;description=1&amp;tabindex=100&amp;theme=data-form-theme=&#039;gravity-theme&#039;' \/>\n            <input type='hidden' class='gform_hidden' name='is_submit_15' value='1' \/>\n            <input type='hidden' class='gform_hidden' name='gform_submit' value='15' \/>\n            <input type='hidden' class='gform_hidden' name='gform_unique_id' value='' \/>\n            <input type='hidden' class='gform_hidden' name='state_15' value='WyJbXSIsImYwNzgwM2MwNDA1OWVhMTViZWMxNTg5ZTU3ZjJjZmQ0Il0=' \/>\n            <input type='hidden' class='gform_hidden' name='gform_target_page_number_15' id='gform_target_page_number_15' value='0' \/>\n            <input type='hidden' class='gform_hidden' name='gform_source_page_number_15' id='gform_source_page_number_15' value='1' \/>\n            <input type='hidden' name='gform_field_values' value='' \/>\n                        <\/form>\n\t\t                <iframe style='display:none;width:0px;height:0px;' src='about:blank' name='gform_ajax_frame_15' id='gform_ajax_frame_15' title='This iframe contains the logic required to handle Ajax powered Gravity Forms.'><\/iframe>\n\t<iframe src=\"https:\/\/www.google.com\/maps\/embed\/v1\/place?q=Weihenstephaner+Str.+12+c%2Fo+Design+Offices+Munich+Macherei+81673+Munich&#038;key=AIzaSyD09zQ9PNDNNy9TadMuzRV_UsPUoWKntt8\" aria-hidden=\"true\"><\/iframe>\n<h1>\n\t\tDarwin Recruitment GMBH\n\t<\/h1>\n\tWeihenstephaner Str. 12 c\/o<br \/>\nDesign Offices<br \/>\nMunich Macherei 81673 Munich\n<p><strong>Tel:<\/strong> <a href=\"tel:49 (0)89 26209 7130\">+49 (0)89 26209 7130<\/a><\/p>\n<p><strong>VAT:<\/strong> DE294383317<\/p>\n<h1>\n\t\tB\u00fcrostandorte\n\t<\/h1>\n\t<iframe src=\"https:\/\/www.google.com\/maps\/embed\/v1\/place?q=Teleportboulevard+130%2C+1043+EJ+Amsterdam%2C+Netherlands&#038;key=AIzaSyD09zQ9PNDNNy9TadMuzRV_UsPUoWKntt8\" aria-hidden=\"true\"><\/iframe>\n<h1>\n\t\tDarwin B.V.\n\t<\/h1>\n\tTeleportboulevard 130<br \/>\n1043 EJ Amsterdam \n<p><strong>Tel:<\/strong> <a href=\"tel:31 (0) 2030 50070\">31 (0) 2030 50070<\/a><\/p>\n<strong>VAT:<\/strong> NL8509.91.845.B01<br \/>\n\n\t<a href=\"https:\/\/www.google.com\/maps\/dir\/\/''\/@52.3875412,4.8396905,17z\/data=!4m8!4m7!1m0!1m5!1m1!1s0x47c5e25e54f3f201:0xaf662823485da11f!2m2!1d4.8418845!2d52.3875412\" target=\"_blank\" role=\"button\" rel=\"noopener\" aria-label=\"GET DIRECTIONS\">\n\t\t\t\t\t\tGET DIRECTIONS\n\t\t\t\t\t<\/a>\n\t<iframe src=\"https:\/\/www.google.com\/maps\/embed\/v1\/place?q=145+W+Ostend+St+Suite+530%2C+Baltimore%2C+MD+21230%2C+USA&#038;key=AIzaSyD09zQ9PNDNNy9TadMuzRV_UsPUoWKntt8\" aria-hidden=\"true\"><\/iframe>\n<h1>\n\t\tDarwin Baltimore\n\t<\/h1>\n\t145 W Ostend St<br \/>\nSuite 530<br \/>\nBaltimore, MD 21230<br \/>\n\n<p><strong>Tel:<\/strong> <a href=\"tel:+1 410-405-7549\">+1 410-405-7549<\/a><\/p>\n<strong>VAT:<\/strong> 32-0504216<br \/>\n\n\t<a href=\"https:\/\/www.google.com\/maps\/dir\/\/''\/@39.2744133,-76.6528692,13z\/data=!4m8!4m7!1m0!1m5!1m1!1s0x89c80369ddd21771:0x4b2dac69844f3fec!2m2!1d-76.6177641!2d39.2744186\" target=\"_blank\" role=\"button\" rel=\"noopener\" aria-label=\"GET DIRECTIONS\">\n\t\t\t\t\t\tGET DIRECTIONS\n\t\t\t\t\t<\/a>\n\t<iframe src=\"https:\/\/www.google.com\/maps\/embed\/v1\/place?q=Z.one%2C++Leutschenbachstrasse+95%0A8050+Zurich%0ASwitzerland&#038;key=AIzaSyD09zQ9PNDNNy9TadMuzRV_UsPUoWKntt8\" aria-hidden=\"true\"><\/iframe>\n<h1>\n\t\tDarwin AG\n\t<\/h1>\n\tZ.one, \u00a0Leutschenbachstrasse 95<br \/>\n8050 Zurich<br \/>\nSwitzerland\n<p><strong>Tel:<\/strong> <a href=\"tel:41 (0)43 456 29 09\">41 (0)43 456 29 09<\/a><\/p>\n<p><strong>VAT:<\/strong> CHE-393.342.010MWST<\/p>\n\t<a href=\"https:\/\/www.google.com\/maps\/dir\/\/Z.ONE,+Leutschenbachstrasse+95,+8052+Z%C3%BCrich,+Switzerland\/@47.4178788,8.5174142,13z\/data=!4m8!4m7!1m0!1m5!1m1!1s0x479aa1a5605fe32f:0xf0726d4db10f5bae!2m2!1d8.5586134!2d47.4178281?hl=en&amp;entry=ttu\" target=\"_blank\" role=\"button\" rel=\"noopener\" aria-label=\"GET DIRECTIONS\">\n\t\t\t\t\t\tGET DIRECTIONS\n\t\t\t\t\t<\/a>\n\t<iframe src=\"https:\/\/www.google.com\/maps\/embed\/v1\/place?q=Cumberland+House+3rd+Floor+129+High+Street+Billericay+Essex+CM12+9AH&#038;key=AIzaSyD09zQ9PNDNNy9TadMuzRV_UsPUoWKntt8\" aria-hidden=\"true\"><\/iframe>\n<h1>\n\t\tDarwin Head Office\n\t<\/h1>\n\tCumberland House<br \/>\n3rd Floor<br \/>\n129 High Street<br \/>\nBillericay<br \/>\nEssex CM12 9AH\n<p><strong>Tel:<\/strong> <a href=\"tel:44 (0)1277 638965\">44 (0)1277 638965<\/a><\/p>\n<p><strong>VAT:<\/strong> GB782969365<\/p>\n\t<a href=\"https:\/\/www.google.com\/maps\/dir\/\/51.6238292,0.4160743\/@51.6237507,0.413845,17z\/data=!4m2!4m1!3e0\" target=\"_blank\" role=\"button\" rel=\"noopener\" aria-label=\"GET DIRECTIONS\">\n\t\t\t\t\t\tGET DIRECTIONS\n\t\t\t\t\t<\/a>\n\t<iframe src=\"https:\/\/www.google.com\/maps\/embed\/v1\/place?q=WeWork+Office+Space+%26+Coworking+33+Arch+St%2C+Boston%2C+MA+02110%2C+United+States&#038;key=AIzaSyD09zQ9PNDNNy9TadMuzRV_UsPUoWKntt8\" aria-hidden=\"true\"><\/iframe>\n<h1>\n\t\tDarwin Boston\n\t<\/h1>\n\t82 Wendell Avenue, STE 100<br \/>\nPittsfield,<br \/>\nBoston, MA 01201\n<p><strong>Tel:<\/strong> <a href=\"tel:1 617 463 9880\">1 617 463 9880<\/a><\/p>\n<strong>VAT:<\/strong> 32-0504216<br \/>\n\n\t<a href=\"https:\/\/www.google.com\/maps\/dir\/\/WeWork+Office+Space+%26+Coworking,+33+Arch+St,+Boston,+MA+02110\/@42.3561065,-71.0933142,13z\/data=!4m9!4m8!1m0!1m5!1m1!1s0x89e3714c463db3f3:0x65fab1dcfd3166a4!2m2!1d-71.0582091!2d42.3561119!3e0?hl=en\" target=\"_blank\" role=\"button\" rel=\"noopener\" aria-label=\"GET DIRECTIONS\">\n\t\t\t\t\t\tGET DIRECTIONS\n\t\t\t\t\t<\/a>\n\t<iframe src=\"https:\/\/www.google.com\/maps\/embed\/v1\/place?q=Darwin+Consulting+AB+Box+345%0Ac%2Fo+Tr%C3%A4g%C3%A5rdh+Advokatbyr%C3%A5+20123%0AMalm%C3%B6+Sweden&#038;key=AIzaSyD09zQ9PNDNNy9TadMuzRV_UsPUoWKntt8\" aria-hidden=\"true\"><\/iframe>\n<h1>\n\t\tDarwin Consulting AB\n\t<\/h1>\n\tDarwin Consulting AB Box 345<br \/>\nc\/o Tr\u00e4g\u00e5rdh Advokatbyr\u00e5<br \/>\n20123<br \/>\nMalm\u00f6 Sweden\n<p><strong>Tel:<\/strong> <a href=\"tel:46 8 446 855 29\">46 8 446 855 29<\/a><\/p>\n<p><strong>VAT:<\/strong> GB782969365<\/p>\n\t<a href=\"https:\/\/www.google.com\/maps\/search\/Darwin+Consulting+AB+Box+345+c%2Fo+Tr%C3%A4g%C3%A5rdh+Advokatbyr%C3%A5+20123+Malm%C3%B6+Sweden\/@55.5696095,12.8758894,11z\/data=!3m1!4b1\" target=\"_blank\" role=\"button\" rel=\"noopener\" aria-label=\"GET DIRECTIONS\">\n\t\t\t\t\t\tGET DIRECTIONS\n\t\t\t\t\t<\/a>\n\t<p>N\u00c4CHSTE SCHRITTE MACHEN<\/p>\n\t\t\t<a href=\"https:\/\/www.darwinrecruitment.de\/de\/?page_id=551\" target=\"_self\" rel=\"noopener\">\n\t\t\t\t\t\t\tJOB SUCHE\n\t\t\t\t\t<\/a>\n\t\t\t<a href=\"https:\/\/www.darwinrecruitment.de\/de\/?page_id=725\" target=\"_self\" rel=\"noopener\">\n\t\t\t\t\t\t\tFACHGEBIETE DURCHSUCHEN\n\t\t\t\t\t<\/a>\n\t\t\t<a href=\"https:\/\/www.darwinrecruitment.de\/de\/?page_id=1226\" target=\"_self\" rel=\"noopener\">\n\t\t\t\t\t\t\tKONTAKTIEREN SIE UNS\n\t\t\t\t\t<\/a>\n\n","protected":false},"excerpt":{"rendered":"<p>KONTAKTIERE UNS. IN KONTAKT TRETEN: Contact Us Form Name_1 First Last Email(Required) PhoneUntitled Untitled Untitled(Required) Ich stimme der Datenschutzrichtlinie und den Allgemeinen Gesch\u00e4ftsbedingungen zu (erforderlich). CAPTCHAEmailThis field is for validation purposes and should be left unchanged. Darwin Recruitment GMBH Weihenstephaner Str. 12 c\/o Design Offices Munich Macherei 81673 Munich Tel: +49 (0)89 26209 7130 VAT:&hellip;<\/p>\n","protected":false},"author":1,"featured_media":0,"parent":0,"menu_order":0,"comment_status":"closed","ping_status":"closed","template":"","meta":{"_acf_changed":false,"inline_featured_image":false,"_monsterinsights_skip_tracking":false,"_monsterinsights_sitenote_active":false,"_monsterinsights_sitenote_note":"","_monsterinsights_sitenote_category":0,"footnotes":""},"class_list":["post-1226","page","type-page","status-publish","hentry"],"acf":[],"yoast_head":"<!-- This site is optimized with the Yoast SEO plugin v27.4 - https:\/\/yoast.com\/product\/yoast-seo-wordpress\/ -->\n<title>Contact Us | German Tech Jobs | Darwin Recruitment<\/title>\n<meta name=\"description\" content=\"Contact us today. Darwin Recruitment are specialists in Software and DevOps Engineer Jobs. We are Located in Essex, England.\" \/>\n<meta name=\"robots\" content=\"index, follow, max-snippet:-1, max-image-preview:large, max-video-preview:-1\" \/>\n<link rel=\"canonical\" href=\"https:\/\/www.darwinrecruitment.de\/de\/contact-us\/\" \/>\n<meta property=\"og:locale\" content=\"en_US\" \/>\n<meta property=\"og:type\" content=\"article\" \/>\n<meta property=\"og:title\" content=\"Contact Us | German Tech Jobs | Darwin Recruitment\" \/>\n<meta property=\"og:description\" content=\"Contact us today. Darwin Recruitment are specialists in Software and DevOps Engineer Jobs. We are Located in Essex, England.\" \/>\n<meta property=\"og:url\" content=\"https:\/\/www.darwinrecruitment.de\/de\/contact-us\/\" \/>\n<meta property=\"og:site_name\" content=\"Darwin Recruitment\" \/>\n<meta property=\"article:modified_time\" content=\"2024-03-12T19:00:45+00:00\" \/>\n<meta property=\"og:image\" content=\"https:\/\/www.darwinrecruitment.de\/de\/wp-content\/uploads\/2021\/11\/Contact-Us.gif\" \/>\n<meta name=\"twitter:card\" content=\"summary_large_image\" \/>\n<meta name=\"twitter:label1\" content=\"Est. reading time\" \/>\n\t<meta name=\"twitter:data1\" content=\"1 minute\" \/>\n<script type=\"application\/ld+json\" class=\"yoast-schema-graph\">{\"@context\":\"https:\\\/\\\/schema.org\",\"@graph\":[{\"@type\":\"WebPage\",\"@id\":\"https:\\\/\\\/www.darwinrecruitment.de\\\/de\\\/contact-us\\\/\",\"url\":\"https:\\\/\\\/www.darwinrecruitment.de\\\/de\\\/contact-us\\\/\",\"name\":\"Contact Us | German Tech Jobs | Darwin Recruitment\",\"isPartOf\":{\"@id\":\"https:\\\/\\\/www.darwinrecruitment.de\\\/de\\\/#website\"},\"primaryImageOfPage\":{\"@id\":\"https:\\\/\\\/www.darwinrecruitment.de\\\/de\\\/contact-us\\\/#primaryimage\"},\"image\":{\"@id\":\"https:\\\/\\\/www.darwinrecruitment.de\\\/de\\\/contact-us\\\/#primaryimage\"},\"thumbnailUrl\":\"https:\\\/\\\/www.darwinrecruitment.de\\\/de\\\/wp-content\\\/uploads\\\/2021\\\/11\\\/Contact-Us.gif\",\"datePublished\":\"2021-10-11T22:31:40+00:00\",\"dateModified\":\"2024-03-12T19:00:45+00:00\",\"description\":\"Contact us today. Darwin Recruitment are specialists in Software and DevOps Engineer Jobs. We are Located in Essex, England.\",\"breadcrumb\":{\"@id\":\"https:\\\/\\\/www.darwinrecruitment.de\\\/de\\\/contact-us\\\/#breadcrumb\"},\"inLanguage\":\"en-US\",\"potentialAction\":[{\"@type\":\"ReadAction\",\"target\":[\"https:\\\/\\\/www.darwinrecruitment.de\\\/de\\\/contact-us\\\/\"]}]},{\"@type\":\"ImageObject\",\"inLanguage\":\"en-US\",\"@id\":\"https:\\\/\\\/www.darwinrecruitment.de\\\/de\\\/contact-us\\\/#primaryimage\",\"url\":\"https:\\\/\\\/www.darwinrecruitment.de\\\/de\\\/wp-content\\\/uploads\\\/2021\\\/11\\\/Contact-Us.gif\",\"contentUrl\":\"https:\\\/\\\/www.darwinrecruitment.de\\\/de\\\/wp-content\\\/uploads\\\/2021\\\/11\\\/Contact-Us.gif\"},{\"@type\":\"BreadcrumbList\",\"@id\":\"https:\\\/\\\/www.darwinrecruitment.de\\\/de\\\/contact-us\\\/#breadcrumb\",\"itemListElement\":[{\"@type\":\"ListItem\",\"position\":1,\"name\":\"Home\",\"item\":\"https:\\\/\\\/www.darwinrecruitment.de\\\/de\\\/\"},{\"@type\":\"ListItem\",\"position\":2,\"name\":\"Contact us\"}]},{\"@type\":\"WebSite\",\"@id\":\"https:\\\/\\\/www.darwinrecruitment.de\\\/de\\\/#website\",\"url\":\"https:\\\/\\\/www.darwinrecruitment.de\\\/de\\\/\",\"name\":\"Darwin Recruitment\",\"description\":\"\",\"publisher\":{\"@id\":\"https:\\\/\\\/www.darwinrecruitment.de\\\/de\\\/#organization\"},\"potentialAction\":[{\"@type\":\"SearchAction\",\"target\":{\"@type\":\"EntryPoint\",\"urlTemplate\":\"https:\\\/\\\/www.darwinrecruitment.de\\\/de\\\/?s={search_term_string}\"},\"query-input\":{\"@type\":\"PropertyValueSpecification\",\"valueRequired\":true,\"valueName\":\"search_term_string\"}}],\"inLanguage\":\"en-US\"},{\"@type\":\"Organization\",\"@id\":\"https:\\\/\\\/www.darwinrecruitment.de\\\/de\\\/#organization\",\"name\":\"Darwin Recruitment Germany\",\"url\":\"https:\\\/\\\/www.darwinrecruitment.de\\\/de\\\/\",\"logo\":{\"@type\":\"ImageObject\",\"inLanguage\":\"en-US\",\"@id\":\"https:\\\/\\\/www.darwinrecruitment.de\\\/de\\\/#\\\/schema\\\/logo\\\/image\\\/\",\"url\":\"https:\\\/\\\/www.darwinrecruitment.de\\\/de\\\/wp-content\\\/uploads\\\/2022\\\/02\\\/cropped-Darwin-Logo-Solo.png\",\"contentUrl\":\"https:\\\/\\\/www.darwinrecruitment.de\\\/de\\\/wp-content\\\/uploads\\\/2022\\\/02\\\/cropped-Darwin-Logo-Solo.png\",\"width\":512,\"height\":512,\"caption\":\"Darwin Recruitment Germany\"},\"image\":{\"@id\":\"https:\\\/\\\/www.darwinrecruitment.de\\\/de\\\/#\\\/schema\\\/logo\\\/image\\\/\"}}]}<\/script>\n<!-- \/ Yoast SEO plugin. -->","yoast_head_json":{"title":"Contact Us | German Tech Jobs | Darwin Recruitment","description":"Contact us today. Darwin Recruitment are specialists in Software and DevOps Engineer Jobs. We are Located in Essex, England.","robots":{"index":"index","follow":"follow","max-snippet":"max-snippet:-1","max-image-preview":"max-image-preview:large","max-video-preview":"max-video-preview:-1"},"canonical":"https:\/\/www.darwinrecruitment.de\/de\/contact-us\/","og_locale":"en_US","og_type":"article","og_title":"Contact Us | German Tech Jobs | Darwin Recruitment","og_description":"Contact us today. Darwin Recruitment are specialists in Software and DevOps Engineer Jobs. We are Located in Essex, England.","og_url":"https:\/\/www.darwinrecruitment.de\/de\/contact-us\/","og_site_name":"Darwin Recruitment","article_modified_time":"2024-03-12T19:00:45+00:00","og_image":[{"url":"https:\/\/www.darwinrecruitment.de\/de\/wp-content\/uploads\/2021\/11\/Contact-Us.gif","type":"","width":"","height":""}],"twitter_card":"summary_large_image","twitter_misc":{"Est. reading time":"1 minute"},"schema":{"@context":"https:\/\/schema.org","@graph":[{"@type":"WebPage","@id":"https:\/\/www.darwinrecruitment.de\/de\/contact-us\/","url":"https:\/\/www.darwinrecruitment.de\/de\/contact-us\/","name":"Contact Us | German Tech Jobs | Darwin Recruitment","isPartOf":{"@id":"https:\/\/www.darwinrecruitment.de\/de\/#website"},"primaryImageOfPage":{"@id":"https:\/\/www.darwinrecruitment.de\/de\/contact-us\/#primaryimage"},"image":{"@id":"https:\/\/www.darwinrecruitment.de\/de\/contact-us\/#primaryimage"},"thumbnailUrl":"https:\/\/www.darwinrecruitment.de\/de\/wp-content\/uploads\/2021\/11\/Contact-Us.gif","datePublished":"2021-10-11T22:31:40+00:00","dateModified":"2024-03-12T19:00:45+00:00","description":"Contact us today. Darwin Recruitment are specialists in Software and DevOps Engineer Jobs. We are Located in Essex, England.","breadcrumb":{"@id":"https:\/\/www.darwinrecruitment.de\/de\/contact-us\/#breadcrumb"},"inLanguage":"en-US","potentialAction":[{"@type":"ReadAction","target":["https:\/\/www.darwinrecruitment.de\/de\/contact-us\/"]}]},{"@type":"ImageObject","inLanguage":"en-US","@id":"https:\/\/www.darwinrecruitment.de\/de\/contact-us\/#primaryimage","url":"https:\/\/www.darwinrecruitment.de\/de\/wp-content\/uploads\/2021\/11\/Contact-Us.gif","contentUrl":"https:\/\/www.darwinrecruitment.de\/de\/wp-content\/uploads\/2021\/11\/Contact-Us.gif"},{"@type":"BreadcrumbList","@id":"https:\/\/www.darwinrecruitment.de\/de\/contact-us\/#breadcrumb","itemListElement":[{"@type":"ListItem","position":1,"name":"Home","item":"https:\/\/www.darwinrecruitment.de\/de\/"},{"@type":"ListItem","position":2,"name":"Contact us"}]},{"@type":"WebSite","@id":"https:\/\/www.darwinrecruitment.de\/de\/#website","url":"https:\/\/www.darwinrecruitment.de\/de\/","name":"Darwin Recruitment","description":"","publisher":{"@id":"https:\/\/www.darwinrecruitment.de\/de\/#organization"},"potentialAction":[{"@type":"SearchAction","target":{"@type":"EntryPoint","urlTemplate":"https:\/\/www.darwinrecruitment.de\/de\/?s={search_term_string}"},"query-input":{"@type":"PropertyValueSpecification","valueRequired":true,"valueName":"search_term_string"}}],"inLanguage":"en-US"},{"@type":"Organization","@id":"https:\/\/www.darwinrecruitment.de\/de\/#organization","name":"Darwin Recruitment Germany","url":"https:\/\/www.darwinrecruitment.de\/de\/","logo":{"@type":"ImageObject","inLanguage":"en-US","@id":"https:\/\/www.darwinrecruitment.de\/de\/#\/schema\/logo\/image\/","url":"https:\/\/www.darwinrecruitment.de\/de\/wp-content\/uploads\/2022\/02\/cropped-Darwin-Logo-Solo.png","contentUrl":"https:\/\/www.darwinrecruitment.de\/de\/wp-content\/uploads\/2022\/02\/cropped-Darwin-Logo-Solo.png","width":512,"height":512,"caption":"Darwin Recruitment Germany"},"image":{"@id":"https:\/\/www.darwinrecruitment.de\/de\/#\/schema\/logo\/image\/"}}]}},"_links":{"self":[{"href":"https:\/\/www.darwinrecruitment.de\/de\/wp-json\/wp\/v2\/pages\/1226","targetHints":{"allow":["GET"]}}],"collection":[{"href":"https:\/\/www.darwinrecruitment.de\/de\/wp-json\/wp\/v2\/pages"}],"about":[{"href":"https:\/\/www.darwinrecruitment.de\/de\/wp-json\/wp\/v2\/types\/page"}],"author":[{"embeddable":true,"href":"https:\/\/www.darwinrecruitment.de\/de\/wp-json\/wp\/v2\/users\/1"}],"replies":[{"embeddable":true,"href":"https:\/\/www.darwinrecruitment.de\/de\/wp-json\/wp\/v2\/comments?post=1226"}],"version-history":[{"count":5,"href":"https:\/\/www.darwinrecruitment.de\/de\/wp-json\/wp\/v2\/pages\/1226\/revisions"}],"predecessor-version":[{"id":76681,"href":"https:\/\/www.darwinrecruitment.de\/de\/wp-json\/wp\/v2\/pages\/1226\/revisions\/76681"}],"wp:attachment":[{"href":"https:\/\/www.darwinrecruitment.de\/de\/wp-json\/wp\/v2\/media?parent=1226"}],"curies":[{"name":"wp","href":"https:\/\/api.w.org\/{rel}","templated":true}]}}