{"id":7882,"date":"2022-03-01T19:01:29","date_gmt":"2022-03-01T19:01:29","guid":{"rendered":"https:\/\/www.darwinrecruitment.de\/de\/?page_id=7882"},"modified":"2022-08-08T09:58:03","modified_gmt":"2022-08-08T09:58:03","slug":"terms-and-conditions","status":"publish","type":"page","link":"https:\/\/www.darwinrecruitment.de\/de\/terms-and-conditions\/","title":{"rendered":"Terms and Conditions"},"content":{"rendered":"\r\n<h1>GESCH\u00c4FTSBEDINGUNGEN.<\/h1>\r\n<p>1.<strong> ALLGEMEINES<\/strong><br \/>1.1 Darwin Recruitment Ltd gibt keinerlei Zusicherungen zu Stellenanzeigen, auf die entweder auf, aufgrund oder \u00fcber Links von dieser Website zugegriffen wird, oder zu Werbetreibenden, die im Abschnitt \u201eRecruiter-Verzeichnis&#8221; auf dieser Website erscheinen weil sich Darwin Recruitment Ltd bei der Zusammenstellung derselben auf Informationen verl\u00e4sst, die ihm von Dritten zur Verf\u00fcgung gestellt werden. Dementsprechend ist es Ihre Sache, sich von der Eignung jeder Agentur, jedes Arbeitgebers oder jeder Stelle, die Sie direkt oder indirekt \u00fcber diese Website finden, zu \u00fcberzeugen.<\/p>\r\n<p>1.2 Sie erkennen an, dass die Systeme, Dienste und Ger\u00e4te von Internet oder Darwin Recruitment Ltd von Zeit zu Zeit ganz oder teilweise als Folge von, aber nicht beschr\u00e4nkt auf, mechanische Ausf\u00e4lle, Wartung, Hardware- oder Software-Upgrades, Kommunikationsprobleme oder andere Tatsachen, die sich der Kontrolle von Darwin Recruitment Ltd entziehen, und Sie erkennen an, dass Darwin Recruitment Ltd nicht f\u00fcr das Versagen oder die Unf\u00e4higkeit haftbar gemacht werden kann, unter diesen oder anderen Umst\u00e4nden kontinuierliche, fehlerfreie und ununterbrochene Dienste bereitzustellen.<\/p>\r\n<p>1.3 Sie k\u00f6nnen auf einige Bereiche dieser Website zugreifen, ohne sich bei uns zu registrieren. Bestimmte Bereiche dieser Website stehen Ihnen nur dann zur Verf\u00fcgung, wenn Sie sich registrieren.<\/p>\r\n<p>1.4 Durch den Zugriff auf irgendeinen Teil dieser Website wird davon ausgegangen, dass Sie diesen rechtlichen Hinweis vollst\u00e4ndig akzeptiert haben. Wenn Sie diesen rechtlichen Hinweis nicht vollst\u00e4ndig akzeptieren, m\u00fcssen Sie diese Website unverz\u00fcglich verlassen.<\/p>\r\n<p>1.5 Darwin Recruitment Ltd kann diesen rechtlichen Hinweis jederzeit durch Aktualisierung dieser Ver\u00f6ffentlichung \u00fcberarbeiten. Sie sollten diese Website von Zeit zu Zeit auf die jeweils aktuellen rechtlichen Hinweise \u00fcberpr\u00fcfen, da diese f\u00fcr Sie bindend sind. Bestimmte Bestimmungen dieser rechtlichen Hinweise k\u00f6nnen durch ausdr\u00fccklich gekennzeichnete rechtliche Hinweise oder Bedingungen auf bestimmten Seiten dieser Website ersetzt werden.<\/p>\r\n<p><strong>2. MITGLIEDSCHAFTSBEDINGUNGEN<\/strong><br \/>Die Website-Dienste stehen Personen unter 16 Jahren oder vor\u00fcbergehend oder unbefristet suspendierten Website-Mitgliedern nicht zur Verf\u00fcgung und d\u00fcrfen von diesen nicht genutzt werden. Wenn Sie unter 16 Jahre alt sind, k\u00f6nnen Sie diesen Service nur in Verbindung mit der Aufsicht eines Elternteils oder Erziehungsberechtigten nutzen. Wenn Sie ein Unternehmen sind, erkl\u00e4ren Sie, dass Sie befugt sind, dieses Unternehmen an diese Vereinbarung zu binden <strong>3. ANMELDUNG<\/strong><br \/>Nach Abschluss der Registrierung m\u00fcssen Sie ein Passwort w\u00e4hlen. Sie sind f\u00fcr alle unter diesem Passwort vorgenommenen Handlungen verantwortlich und d\u00fcrfen nur mit Ihrem eigenen Passwort auf die Website zugreifen. Sie sollten Ihr Passwort keiner anderen Person mitteilen. <strong>4. CV-VERTEILUNGSSERVICE<\/strong><br \/>Wenn Sie den CV-Verteilungsdienst von Darwin Recruitment Ltd aktivieren, stimmen Sie zu und erkennen Folgendes an:<\/p>\r\n<p>4.1 Darwin Recruitment Ltd kann die in Ihrem Lebenslauf enthaltenen Informationen so anpassen, modifizieren und umformulieren, wie Darwin Recruitment Ltd es f\u00fcr angemessen h\u00e4lt, um einen Lebenslauf in dem Stil und Format zu erstellen, das Darwin Recruitment Ltd an Personalagenturen und Arbeitgeber sendet.<\/p>\r\n<p>4.2 Darwin Recruitment Ltd haftet Ihnen gegen\u00fcber nicht als Folge von oder als Folge von Anpassungen, \u00c4nderungen oder Umformulierungen, auf die in Ziffer 4.1 oben Bezug genommen wird.<\/p>\r\n<p><strong>5. \u00c4NDERUNGEN<\/strong><br \/>5.1 Darwin Recruitment Ltd kann jederzeit ohne Vorank\u00fcndigung \u00c4nderungen an den auf dieser Website beschriebenen Dienstleistungen vornehmen oder diese einstellen.<\/p>\r\n<p>5.2 Die Dienstleistungen (einschlie\u00dflich des Lebenslaufverteilungsdienstes), die Darwin Recruitment Ltd den Kandidaten anbietet, sind v\u00f6llig kostenlos und Darwin Recruitment Ltd ist nicht verpflichtet, die den Kandidaten auf dieser Website angebotenen Dienstleistungen aufrechtzuerhalten oder fortzusetzen. Unbeschadet der Allgemeing\u00fcltigkeit des Vorstehenden beh\u00e4lt sich Darwin Recruitment Ltd. das Recht vor, die Erbringung von Dienstleistungen f\u00fcr einen bestimmten Kandidaten aus jedwedem Grund auszusetzen oder einzustellen.<\/p>\r\n<p>5.3 Darwin Recruitment Ltd beh\u00e4lt sich das Recht vor, diese Nutzungsbedingungen durch \u00c4nderung auf dieser Website zu \u00e4ndern.<\/p>\r\n<p><strong>6. INFORMATIONEN UND E-MAILS, DIE SIE UNS SENDEN ODER \u00dcBERMITTELN<\/strong><\/p>\r\n<p>6.1 Sie sollten sicherstellen, dass die Informationen, die Sie an uns oder einen Werbetreibenden senden, korrekt sind, und es ist Ihnen untersagt, verleumderische, obsz\u00f6ne, unanst\u00e4ndige, aufr\u00fchrerische, pornografische, bedrohliche, bedrohliche, anst\u00f6\u00dfige, missbr\u00e4uchliche, Anstiftung zum Rassenhass, diskriminierend, skandal\u00f6s, aufr\u00fchrerisch, gottesl\u00e4sterlich, Vertrauensbruch, Verletzung der Privatsph\u00e4re, was zu Bel\u00e4stigung oder Unannehmlichkeiten f\u00fchren kann, betr\u00fcgerisch, das ein Verhalten darstellt oder f\u00f6rdert, das als Straftat angesehen wird, zivilrechtliche Folgen hat Haftung oder anderweitig gegen das Gesetz versto\u00dfen oder die Rechte Dritter im Vereinigten K\u00f6nigreich oder einem anderen Land der Welt verletzen; die technisch sch\u00e4dlich sind (einschlie\u00dflich, aber nicht beschr\u00e4nkt auf Computerviren, Logikbomben, Trojaner, W\u00fcrmer, sch\u00e4dliche Komponenten, besch\u00e4digte Daten oder andere b\u00f6sartige Software oder sch\u00e4dliche Daten) oder f\u00fcr die Sie nicht alle erforderlichen Lizenzen und\/oder Genehmigungen erhalten haben.<\/p>\r\n<p>6.2 Sie d\u00fcrfen die Website (einschlie\u00dflich, aber nicht beschr\u00e4nkt auf) durch Hacking oder Betrug missbrauchen.<\/p>\r\n<p>6.3 Darwin Recruitment Ltd wird uneingeschr\u00e4nkt mit allen Strafverfolgungsbeh\u00f6rden oder Gerichtsbeschl\u00fcssen zusammenarbeiten, die Darwin Recruitment Ltd auffordern oder anweisen, die Identit\u00e4t offenzulegen oder jemanden ausfindig zu machen, der Material ver\u00f6ffentlicht, die Website missbraucht oder anderweitig behauptet, gegen das Gesetz versto\u00dfen zu haben, was gegen Absatz 6 verst\u00f6\u00dft. 1 oder 6.2.<\/p>\r\n<p>6.4 Wenn Sie gegen eine der in den Abs\u00e4tzen 6.1 und 6.2 enthaltenen Bedingungen versto\u00dfen, wird Darwin Recruitment Ltd die von dieser Website bereitgestellten Dienste beenden.<\/p>\r\n<p>6.5 Darwin Recruitment Ltd \u00fcbernimmt keine Verantwortung oder Haftung f\u00fcr die Verwendung von Lebensl\u00e4ufen \u00fcber Sie durch Agenturen, Arbeitgeber oder andere Dritte, die an Agenturen, Arbeitgeber (ob durch Darwin Recruitment Ltd oder Sie) oder an Dritte weitergeleitet wurden Aufmerksamkeit direkt oder indirekt durch Ihre Nutzung dieser Website.<\/p>\r\n<p>6.6 Wenn Sie sich \u00fcber die Website auf eine oder mehrere Stellen bewerben, stimmen Sie zu, dass Darwin Recruitment Ltd die bereitgestellten Informationen sowie den Inhalt aller E-Mails \u00fcberwacht und speichert.<\/p>\r\n<p><strong>7. LINKS<\/strong><br \/>7.1 Darwin Recruitment Ltd gibt keine Zusicherungen hinsichtlich der Sicherheit, Qualit\u00e4t oder Korrektheit von Websites, auf die \u00fcber diese Website zugegriffen werden kann. Verlinkte Websites, auf die \u00fcber diese Website zugegriffen wird, sind unabh\u00e4ngige Websites, \u00fcber die Darwin Recruitment Ltd keine finanzielle, redaktionelle oder sonstige Kontrolle aus\u00fcbt, und werden in keiner Weise von Darwin Recruitment Ltd unterst\u00fctzt.<\/p>\r\n<p>7.2 Dementsprechend \u00fcbernimmt Darwin Recruitment Ltd keine Verantwortung oder Haftung Ihnen gegen\u00fcber in Bezug auf Produkte oder Dienstleistungen, die Sie von einer solchen verlinkten Website gekauft oder erhalten haben, noch in Bezug auf die Verwendung personenbezogener Daten durch eine solche verlinkte Website oder deren Eigent\u00fcmer. Wenn Sie sich entscheiden, auf eine der mit dieser Website verlinkten Websites Dritter zuzugreifen, tun Sie dies ausschlie\u00dflich auf eigenes Risiko.<\/p>\r\n<p>7.3 Sie d\u00fcrfen diese Website nicht ohne die ausdr\u00fcckliche schriftliche Genehmigung von Darwin Recruitment Ltd.<\/p>\r\n<p>7.4 Wenn Ihnen die Erlaubnis erteilt wurde, auf diese Website zu verlinken, d\u00fcrfen Sie dies nur auf der Grundlage tun, dass Sie auf die Homepage dieser Website verlinken, aber nicht replizieren, und vorbehaltlich der folgenden Bedingungen:<\/p>\r\n<p>(a) Sie entfernen, verzerren oder \u00e4ndern die Gr\u00f6\u00dfe oder das Erscheinungsbild des \u201eDarwin Recruitment Ltd&#8221;-Logos nicht;<\/p>\r\n<p>(b) Sie erstellen keinen Rahmen oder eine andere Browser- oder Rahmenumgebung um diese Website herum;<\/p>\r\n<p>(c) Sie implizieren in keiner Weise, dass Darwin Recruitment Ltd andere Produkte oder Dienstleistungen als seine eigenen unterst\u00fctzt;<\/p>\r\n<p>(d) Sie stellen Ihre Beziehung zu Darwin Recruitment Ltd nicht falsch dar und geben keine anderen falschen Informationen \u00fcber Darwin Recruitment Ltd.<\/p>\r\n<p><strong>8. URHEBERRECHTE\u00a0<\/strong><br \/>8.1 Diese Website enth\u00e4lt urheberrechtlich gesch\u00fctztes Material, Handelsnamen und andere gesch\u00fctzte Informationen, einschlie\u00dflich, aber nicht beschr\u00e4nkt auf Design, Text, Software und Grafiken. Der gesamte Inhalt dieser Website ist urheberrechtlich gesch\u00fctzt. Darwin Recruitment Ltd oder seine Lizenzgeber besitzen Urheber- und\/oder Datenbankrechte an der Auswahl, Koordinierung, Anordnung und Verbesserung solcher Inhalte sowie an den Originalinhalten. Sie d\u00fcrfen den Inhalt weder ganz noch teilweise \u00e4ndern, ver\u00f6ffentlichen, \u00fcbertragen, an der \u00dcbertragung oder dem Verkauf teilnehmen, abgeleitete Werke erstellen oder in irgendeiner Weise verwerten, au\u00dfer wie unten angegeben.<\/p>\r\n<p>8.2 Sie d\u00fcrfen Informationen von dieser Website nur f\u00fcr Ihren pers\u00f6nlichen Gebrauch herunterladen. Sofern nicht anderweitig ausdr\u00fccklich gem\u00e4\u00df dem Urheberrechtsgesetz gestattet, ist das Urheberrecht, die Weiterverbreitung, Weiter\u00fcbertragung, Ver\u00f6ffentlichung oder kommerzielle Nutzung von heruntergeladenem Material ohne unsere ausdr\u00fcckliche Genehmigung und die des Urheberrechtsinhabers nicht gestattet. Im Falle einer erlaubten Vervielf\u00e4ltigung, Weiterverbreitung oder Ver\u00f6ffentlichung von urheberrechtlich gesch\u00fctztem Material d\u00fcrfen keine \u00c4nderungen oder L\u00f6schungen der Autorenzuweisung, der Markenlegende oder des Urheberrechtsvermerks vorgenommen werden. Sie erkennen an, dass Sie durch das Herunterladen von urheberrechtlich gesch\u00fctztem Material keine Eigentumsrechte erwerben.<\/p>\r\n<p>8.3 Wenn Sie gegen eine der Bestimmungen dieser rechtlichen Hinweise versto\u00dfen, erlischt automatisch Ihre Erlaubnis zur Nutzung dieser Website und Sie m\u00fcssen unverz\u00fcglich alle heruntergeladenen oder gedruckten Ausz\u00fcge dieser Website vernichten.<\/p>\r\n<p><strong>9. VIREN USW<\/strong><br \/>Darwin Recruitment Ltd haftet Ihnen gegen\u00fcber nicht f\u00fcr direkte, indirekte, Folge-, besondere oder andere Sch\u00e4den, die sich aus der \u00dcbertragung von Viren, W\u00fcrmern, Trojanern oder anderen zerst\u00f6rerischen Elementen von dieser Website auf Ihre Computersysteme ergeben, wie auch immer diese Sch\u00e4den verursacht wurden umfassen, ohne Einschr\u00e4nkung, entgangenen Gewinn, Betriebsunterbrechung, Verlust des gesamten oder eines Teils eines Programms oder von Daten, wie auch immer gespeichert, ob auf einem Computersystem oder anderweitig gespeichert. <strong>10. NAMEN AUSTAUSCHEN<\/strong><br \/>Darwin Recruitment Ltd.co.uk und seine Logos auf dieser Website sind Handelsnamen von Darwin Recruitment Ltd. Sie d\u00fcrfen diese Namen oder Logos nicht ohne Zustimmung von Darwin Recruitment Ltd verwenden. <strong>11. WIE DARWIN INFORMATIONEN SCH\u00dcTZT UND VERWENDET, DIE DARWIN \u00dcBER SIE H\u00c4LT<\/strong><br \/>Das Internet ist kein sicheres Medium. Darwin Recruitment Ltd wird jedoch alle angemessenen Anstrengungen unternehmen, um die personenbezogenen Daten, die es \u00fcber Sie erh\u00e4lt, vertraulich zu behandeln, obwohl nichts in diesen Allgemeinen Gesch\u00e4ftsbedingungen Darwin Recruitment Ltd einschr\u00e4nken oder verbieten wird, personenbezogene Daten an Personalvermittlungsagenturen oder Arbeitgeber in F\u00e4llen weiterzugeben, in denen Sie dies ausdr\u00fccklich oder durch Sie getan haben implizit Ihre Zustimmung dazu gegeben haben, einschlie\u00dflich zum Beispiel, wenn Sie Ihren Lebenslauf mit solchen Informationen eingereicht haben. Darwin Recruitment Ltd verwendet Ihre Informationen von Zeit zu Zeit in \u00dcbereinstimmung mit seiner Datenschutzrichtlinie, und Sie stimmen der Verwendung Ihrer Informationen auf diese Weise zu. <strong>12. VERLUSTE DURCH UNAUTORISIERTEN ZUGRIFF AUF IHRE DATEN<br \/><\/strong>Sie akzeptieren das Risiko, dass Daten, die elektronisch \u00fcber diese Website oder auf andere Weise \u00fcbermittelt werden, vor dem Erreichen ihres Bestimmungsortes abgefangen oder von unbefugten Dritten abgerufen und von diesen Dritten unrechtm\u00e4\u00dfig genutzt werden k\u00f6nnen. Darwin Recruitment Ltd \u00fcbernimmt keine Verantwortung f\u00fcr den Schutz vor den Handlungen solcher Dritter und haftet nicht f\u00fcr direkte, indirekte, Folge-, Sonder- oder andere Sch\u00e4den, die sich aus dem Abfangen von oder dem Zugriff auf Daten jeglicher Art durch Dritte ergeben.<\/p>\r\n<p><strong>13. HAFTUNG<\/strong><\/p>\r\n<p>13.1 Darwin Recruitment Ltd schlie\u00dft jegliche Haftung Ihnen gegen\u00fcber im gr\u00f6\u00dftm\u00f6glichen gesetzlich zul\u00e4ssigen Umfang (und unabh\u00e4ngig davon, ob sich eine solche Haftung aus Vertrag, unerlaubter Handlung oder anderweitig ergibt) infolge Ihrer Nutzung dieser Website oder Ihrer Annahme eines direkt vermittelten Stellenangebots aus oder indirekt \u00fcber diese Website.<\/p>\r\n<p>13.2 Nichts in diesen Allgemeinen Gesch\u00e4ftsbedingungen schlie\u00dft die Haftung von Darwin Recruitment Ltd f\u00fcr Tod oder K\u00f6rperverletzung aufgrund von Fahrl\u00e4ssigkeit oder betr\u00fcgerischer Falschdarstellung aus.<\/p>\r\n<p>13.3 Wenn Ihre Nutzung von Material auf dieser Website dazu f\u00fchrt, dass Wartung, Reparatur oder Korrektur von Ger\u00e4ten, Software oder Daten erforderlich sind, \u00fcbernehmen Sie alle Kosten daf\u00fcr.<\/p>\r\n<p><strong>14. HAFTUNGSAUSSCHLUSS<\/strong><br \/>14.1 W\u00e4hrend sich Darwin Recruitment Ltd bem\u00fcht sicherzustellen, dass die Informationen auf dieser Website korrekt sind, garantiert Darwin Recruitment Ltd nicht die Genauigkeit und Vollst\u00e4ndigkeit des Materials auf dieser Website. Darwin Recruitment Ltd kann jederzeit ohne Vorank\u00fcndigung \u00c4nderungen am Material auf dieser Website vornehmen. Das Material auf dieser Website kann veraltet sein, und Darwin Recruitment Ltd verpflichtet sich nicht, dieses Material zu aktualisieren. Bitte beachten Sie, dass Sie Vorsicht, gesunden Menschenverstand und ein gutes Bewusstsein walten lassen m\u00fcssen, da es auch Risiken im Umgang mit Personen oder Personen gibt, die unter falschen Vorw\u00e4nden handeln. Durch die Nutzung der Website erkl\u00e4ren Sie sich mit allen Risiken einverstanden und stimmen zu, dass Darwin Recruitment Ltd nicht f\u00fcr die Handlungen oder Unterlassungen anderer verantwortlich ist.<\/p>\r\n<p>14.2 Das Material auf dieser Website wird &#8220;wie besehen&#8221; ohne Bedingungen, Gew\u00e4hrleistungen oder andere Bedingungen jeglicher Art bereitgestellt. Dementsprechend stellt Ihnen Darwin Recruitment Ltd im gr\u00f6\u00dftm\u00f6glichen gesetzlich zul\u00e4ssigen Umfang diese Website auf der Grundlage zur Verf\u00fcgung, dass Darwin Recruitment Ltd alle Zusicherungen, Gew\u00e4hrleistungen, Bedingungen und sonstigen Bedingungen ausschlie\u00dft, die au\u00dfer diesem rechtlichen Hinweis in Bezug auf diese Website gelten k\u00f6nnten.<\/p>\r\n<p>14.3 Darwin Recruitment Ltd haftet Ihnen gegen\u00fcber nicht f\u00fcr Verluste oder Sch\u00e4den jeglicher Art, die durch Ihre Nutzung dieser Website oder unserer Dienste entstehen.<\/p>\r\n<p><strong>15. \u00dcBERSCHRIFTEN<\/strong><br \/>Alle \u00dcberschriften in diesen Allgemeinen Gesch\u00e4ftsbedingungen dienen nur der \u00dcbersichtlichkeit und haben keinen Einfluss auf deren Auslegung. <strong>16. GELTENDES RECHT<\/strong><br \/>Wenn dies nicht der Fall ist, gilt der Vertrag, unter dem Sie diese Website nutzen, als im Vereinigten K\u00f6nigreich geschlossen, und die Auslegung, G\u00fcltigkeit und Erf\u00fcllung dieser Nutzungsbedingungen unterliegen in jeder Hinsicht dem britischen Recht und den Gerichte im Vereinigten K\u00f6nigreich haben die nicht ausschlie\u00dfliche Gerichtsbarkeit in Bezug auf alle Streitigkeiten zwischen Ihnen und Darwin Recruitment Ltd bez\u00fcglich Ihrer Nutzung dieser Website.<\/p>\r\n<p>N\u00c4CHSTE SCHRITTE.<\/p>\r\n<p><a role=\"button\" href=\"https:\/\/www.darwinrecruitment.de\/de\/search-jobs\/\" target=\"_self\" rel=\"noopener\"> JOBSUCHE <\/a> <a role=\"button\" href=\"https:\/\/www.darwinrecruitment.de\/de\/team-main-page\/\" target=\"_self\" rel=\"noopener\"> SERVICES ANZEIGEN <\/a> <a role=\"button\" href=\"https:\/\/www.darwinrecruitment.de\/de\/contact-us\/\" target=\"_self\" rel=\"noopener\"> KONTAKT <\/a><\/p>\r\n","protected":false},"excerpt":{"rendered":"<p>GESCH\u00c4FTSBEDINGUNGEN. 1. ALLGEMEINES1.1 Darwin Recruitment Ltd gibt keinerlei Zusicherungen zu Stellenanzeigen, auf die entweder auf, aufgrund oder \u00fcber Links von dieser Website zugegriffen wird, oder zu Werbetreibenden, die im Abschnitt \u201eRecruiter-Verzeichnis&#8221; auf dieser Website erscheinen weil sich Darwin Recruitment Ltd bei der Zusammenstellung derselben auf Informationen verl\u00e4sst, die ihm von Dritten zur Verf\u00fcgung gestellt werden.&hellip;<\/p>\n","protected":false},"author":1,"featured_media":0,"parent":0,"menu_order":0,"comment_status":"closed","ping_status":"closed","template":"","meta":{"_acf_changed":false,"inline_featured_image":false,"_monsterinsights_skip_tracking":false,"_monsterinsights_sitenote_active":false,"_monsterinsights_sitenote_note":"","_monsterinsights_sitenote_category":0,"footnotes":""},"class_list":["post-7882","page","type-page","status-publish","hentry"],"acf":[],"yoast_head":"<!-- This site is optimized with the Yoast SEO plugin v27.5 - https:\/\/yoast.com\/product\/yoast-seo-wordpress\/ -->\n<title>Terms and Conditions - Darwin Recruitment<\/title>\n<meta name=\"robots\" content=\"noindex, follow\" \/>\n<meta property=\"og:locale\" content=\"en_US\" \/>\n<meta property=\"og:type\" content=\"article\" \/>\n<meta property=\"og:title\" content=\"Terms and Conditions - Darwin Recruitment\" \/>\n<meta property=\"og:description\" content=\"GESCH\u00c4FTSBEDINGUNGEN. 1. ALLGEMEINES1.1 Darwin Recruitment Ltd gibt keinerlei Zusicherungen zu Stellenanzeigen, auf die entweder auf, aufgrund oder \u00fcber Links von dieser Website zugegriffen wird, oder zu Werbetreibenden, die im Abschnitt \u201eRecruiter-Verzeichnis&#8221; auf dieser Website erscheinen weil sich Darwin Recruitment Ltd bei der Zusammenstellung derselben auf Informationen verl\u00e4sst, die ihm von Dritten zur Verf\u00fcgung gestellt werden.&hellip;\" \/>\n<meta property=\"og:url\" content=\"https:\/\/www.darwinrecruitment.de\/de\/terms-and-conditions\/\" \/>\n<meta property=\"og:site_name\" content=\"Darwin Recruitment\" \/>\n<meta property=\"article:modified_time\" content=\"2022-08-08T09:58:03+00:00\" \/>\n<meta name=\"twitter:card\" content=\"summary_large_image\" \/>\n<meta name=\"twitter:label1\" content=\"Est. reading time\" \/>\n\t<meta name=\"twitter:data1\" content=\"11 minutes\" \/>\n<script type=\"application\/ld+json\" class=\"yoast-schema-graph\">{\"@context\":\"https:\\\/\\\/schema.org\",\"@graph\":[{\"@type\":\"WebPage\",\"@id\":\"https:\\\/\\\/www.darwinrecruitment.de\\\/de\\\/terms-and-conditions\\\/\",\"url\":\"https:\\\/\\\/www.darwinrecruitment.de\\\/de\\\/terms-and-conditions\\\/\",\"name\":\"Terms and Conditions - Darwin Recruitment\",\"isPartOf\":{\"@id\":\"https:\\\/\\\/www.darwinrecruitment.de\\\/de\\\/#website\"},\"datePublished\":\"2022-03-01T19:01:29+00:00\",\"dateModified\":\"2022-08-08T09:58:03+00:00\",\"breadcrumb\":{\"@id\":\"https:\\\/\\\/www.darwinrecruitment.de\\\/de\\\/terms-and-conditions\\\/#breadcrumb\"},\"inLanguage\":\"en-US\",\"potentialAction\":[{\"@type\":\"ReadAction\",\"target\":[\"https:\\\/\\\/www.darwinrecruitment.de\\\/de\\\/terms-and-conditions\\\/\"]}]},{\"@type\":\"BreadcrumbList\",\"@id\":\"https:\\\/\\\/www.darwinrecruitment.de\\\/de\\\/terms-and-conditions\\\/#breadcrumb\",\"itemListElement\":[{\"@type\":\"ListItem\",\"position\":1,\"name\":\"Home\",\"item\":\"https:\\\/\\\/www.darwinrecruitment.de\\\/de\\\/\"},{\"@type\":\"ListItem\",\"position\":2,\"name\":\"Terms and Conditions\"}]},{\"@type\":\"WebSite\",\"@id\":\"https:\\\/\\\/www.darwinrecruitment.de\\\/de\\\/#website\",\"url\":\"https:\\\/\\\/www.darwinrecruitment.de\\\/de\\\/\",\"name\":\"Darwin Recruitment\",\"description\":\"\",\"publisher\":{\"@id\":\"https:\\\/\\\/www.darwinrecruitment.de\\\/de\\\/#organization\"},\"potentialAction\":[{\"@type\":\"SearchAction\",\"target\":{\"@type\":\"EntryPoint\",\"urlTemplate\":\"https:\\\/\\\/www.darwinrecruitment.de\\\/de\\\/?s={search_term_string}\"},\"query-input\":{\"@type\":\"PropertyValueSpecification\",\"valueRequired\":true,\"valueName\":\"search_term_string\"}}],\"inLanguage\":\"en-US\"},{\"@type\":\"Organization\",\"@id\":\"https:\\\/\\\/www.darwinrecruitment.de\\\/de\\\/#organization\",\"name\":\"Darwin Recruitment Germany\",\"url\":\"https:\\\/\\\/www.darwinrecruitment.de\\\/de\\\/\",\"logo\":{\"@type\":\"ImageObject\",\"inLanguage\":\"en-US\",\"@id\":\"https:\\\/\\\/www.darwinrecruitment.de\\\/de\\\/#\\\/schema\\\/logo\\\/image\\\/\",\"url\":\"https:\\\/\\\/www.darwinrecruitment.de\\\/de\\\/wp-content\\\/uploads\\\/2022\\\/02\\\/cropped-Darwin-Logo-Solo.png\",\"contentUrl\":\"https:\\\/\\\/www.darwinrecruitment.de\\\/de\\\/wp-content\\\/uploads\\\/2022\\\/02\\\/cropped-Darwin-Logo-Solo.png\",\"width\":512,\"height\":512,\"caption\":\"Darwin Recruitment Germany\"},\"image\":{\"@id\":\"https:\\\/\\\/www.darwinrecruitment.de\\\/de\\\/#\\\/schema\\\/logo\\\/image\\\/\"}}]}<\/script>\n<!-- \/ Yoast SEO plugin. -->","yoast_head_json":{"title":"Terms and Conditions - Darwin Recruitment","robots":{"index":"noindex","follow":"follow"},"og_locale":"en_US","og_type":"article","og_title":"Terms and Conditions - Darwin Recruitment","og_description":"GESCH\u00c4FTSBEDINGUNGEN. 1. ALLGEMEINES1.1 Darwin Recruitment Ltd gibt keinerlei Zusicherungen zu Stellenanzeigen, auf die entweder auf, aufgrund oder \u00fcber Links von dieser Website zugegriffen wird, oder zu Werbetreibenden, die im Abschnitt \u201eRecruiter-Verzeichnis&#8221; auf dieser Website erscheinen weil sich Darwin Recruitment Ltd bei der Zusammenstellung derselben auf Informationen verl\u00e4sst, die ihm von Dritten zur Verf\u00fcgung gestellt werden.&hellip;","og_url":"https:\/\/www.darwinrecruitment.de\/de\/terms-and-conditions\/","og_site_name":"Darwin Recruitment","article_modified_time":"2022-08-08T09:58:03+00:00","twitter_card":"summary_large_image","twitter_misc":{"Est. reading time":"11 minutes"},"schema":{"@context":"https:\/\/schema.org","@graph":[{"@type":"WebPage","@id":"https:\/\/www.darwinrecruitment.de\/de\/terms-and-conditions\/","url":"https:\/\/www.darwinrecruitment.de\/de\/terms-and-conditions\/","name":"Terms and Conditions - Darwin Recruitment","isPartOf":{"@id":"https:\/\/www.darwinrecruitment.de\/de\/#website"},"datePublished":"2022-03-01T19:01:29+00:00","dateModified":"2022-08-08T09:58:03+00:00","breadcrumb":{"@id":"https:\/\/www.darwinrecruitment.de\/de\/terms-and-conditions\/#breadcrumb"},"inLanguage":"en-US","potentialAction":[{"@type":"ReadAction","target":["https:\/\/www.darwinrecruitment.de\/de\/terms-and-conditions\/"]}]},{"@type":"BreadcrumbList","@id":"https:\/\/www.darwinrecruitment.de\/de\/terms-and-conditions\/#breadcrumb","itemListElement":[{"@type":"ListItem","position":1,"name":"Home","item":"https:\/\/www.darwinrecruitment.de\/de\/"},{"@type":"ListItem","position":2,"name":"Terms and Conditions"}]},{"@type":"WebSite","@id":"https:\/\/www.darwinrecruitment.de\/de\/#website","url":"https:\/\/www.darwinrecruitment.de\/de\/","name":"Darwin Recruitment","description":"","publisher":{"@id":"https:\/\/www.darwinrecruitment.de\/de\/#organization"},"potentialAction":[{"@type":"SearchAction","target":{"@type":"EntryPoint","urlTemplate":"https:\/\/www.darwinrecruitment.de\/de\/?s={search_term_string}"},"query-input":{"@type":"PropertyValueSpecification","valueRequired":true,"valueName":"search_term_string"}}],"inLanguage":"en-US"},{"@type":"Organization","@id":"https:\/\/www.darwinrecruitment.de\/de\/#organization","name":"Darwin Recruitment Germany","url":"https:\/\/www.darwinrecruitment.de\/de\/","logo":{"@type":"ImageObject","inLanguage":"en-US","@id":"https:\/\/www.darwinrecruitment.de\/de\/#\/schema\/logo\/image\/","url":"https:\/\/www.darwinrecruitment.de\/de\/wp-content\/uploads\/2022\/02\/cropped-Darwin-Logo-Solo.png","contentUrl":"https:\/\/www.darwinrecruitment.de\/de\/wp-content\/uploads\/2022\/02\/cropped-Darwin-Logo-Solo.png","width":512,"height":512,"caption":"Darwin Recruitment Germany"},"image":{"@id":"https:\/\/www.darwinrecruitment.de\/de\/#\/schema\/logo\/image\/"}}]}},"_links":{"self":[{"href":"https:\/\/www.darwinrecruitment.de\/de\/wp-json\/wp\/v2\/pages\/7882","targetHints":{"allow":["GET"]}}],"collection":[{"href":"https:\/\/www.darwinrecruitment.de\/de\/wp-json\/wp\/v2\/pages"}],"about":[{"href":"https:\/\/www.darwinrecruitment.de\/de\/wp-json\/wp\/v2\/types\/page"}],"author":[{"embeddable":true,"href":"https:\/\/www.darwinrecruitment.de\/de\/wp-json\/wp\/v2\/users\/1"}],"replies":[{"embeddable":true,"href":"https:\/\/www.darwinrecruitment.de\/de\/wp-json\/wp\/v2\/comments?post=7882"}],"version-history":[{"count":5,"href":"https:\/\/www.darwinrecruitment.de\/de\/wp-json\/wp\/v2\/pages\/7882\/revisions"}],"predecessor-version":[{"id":14445,"href":"https:\/\/www.darwinrecruitment.de\/de\/wp-json\/wp\/v2\/pages\/7882\/revisions\/14445"}],"wp:attachment":[{"href":"https:\/\/www.darwinrecruitment.de\/de\/wp-json\/wp\/v2\/media?parent=7882"}],"curies":[{"name":"wp","href":"https:\/\/api.w.org\/{rel}","templated":true}]}}